{"id":732,"date":"2026-02-03T18:00:54","date_gmt":"2026-02-03T18:00:54","guid":{"rendered":"https:\/\/vibrastudio.ch\/?page_id=732"},"modified":"2026-02-18T17:29:37","modified_gmt":"2026-02-18T17:29:37","slug":"732-2","status":"publish","type":"page","link":"https:\/\/vibrastudio.ch\/?page_id=732","title":{"rendered":"Showcase Paleo Galaxy"},"content":{"rendered":"\n<div class=\"wp-block-group alignfull snap-scroll has-global-padding is-layout-constrained wp-block-group-is-layout-constrained\">\n<div class=\"wp-block-group alignfull has-accent-2-background-color has-background has-global-padding is-layout-constrained wp-container-core-group-is-layout-cd6163fc wp-block-group-is-layout-constrained\" style=\"margin-top:0;margin-bottom:0;padding-top:var(--wp--preset--spacing--10);padding-right:var(--wp--preset--spacing--50);padding-bottom:var(--wp--preset--spacing--10);padding-left:var(--wp--preset--spacing--50)\">\n<div class=\"wp-block-columns alignwide is-layout-flex wp-container-core-columns-is-layout-28f84493 wp-block-columns-is-layout-flex\">\n<div class=\"wp-block-column is-layout-flow wp-block-column-is-layout-flow\" style=\"padding-top:0;padding-bottom:0;flex-basis:40%\">\n<h1 class=\"wp-block-heading\"><strong>Pal\u00e9o Galaxy<\/strong><br><em><mark style=\"background-color:rgba(0, 0, 0, 0)\" class=\"has-inline-color has-contrast-color\">Interactive Installation<\/mark><\/em><\/h1>\n<\/div>\n\n\n\n<div class=\"wp-block-column is-layout-flow wp-block-column-is-layout-flow\" style=\"flex-basis:60%\">\n<p class=\"has-heading-font-family has-x-large-font-size\" style=\"line-height:1.2\">With <mark style=\"background-color:rgba(0, 0, 0, 0)\" class=\"has-inline-color has-contrast-color\"><strong>Pal\u00e9o Galaxy<\/strong><\/mark> visitors could send in photographs and drawings to the LED Walls of the Pal\u00e9o Festival.<\/p>\n<\/div>\n<\/div>\n\n\n\n<figure class=\"wp-block-image alignwide size-large is-style-rounded is-style-rounded--1\"><img loading=\"lazy\" decoding=\"async\" width=\"1024\" height=\"576\" src=\"https:\/\/vibrastudio.ch\/wp-content\/uploads\/2026\/02\/PaleoHeader-1024x576.jpg\" alt=\"\" class=\"wp-image-742\" srcset=\"https:\/\/vibrastudio.ch\/wp-content\/uploads\/2026\/02\/PaleoHeader-1024x576.jpg 1024w, https:\/\/vibrastudio.ch\/wp-content\/uploads\/2026\/02\/PaleoHeader-300x169.jpg 300w, https:\/\/vibrastudio.ch\/wp-content\/uploads\/2026\/02\/PaleoHeader-768x432.jpg 768w, https:\/\/vibrastudio.ch\/wp-content\/uploads\/2026\/02\/PaleoHeader.jpg 1280w\" sizes=\"auto, (max-width: 1024px) 100vw, 1024px\" \/><\/figure>\n<\/div>\n\n\n\n<div class=\"wp-block-group alignfull has-base-background-color has-background has-global-padding is-layout-constrained wp-container-core-group-is-layout-c7a42c40 wp-block-group-is-layout-constrained\" style=\"margin-top:0;margin-bottom:0;padding-top:var(--wp--preset--spacing--20);padding-right:var(--wp--preset--spacing--50);padding-bottom:var(--wp--preset--spacing--20);padding-left:var(--wp--preset--spacing--50)\">\n<div class=\"wp-block-columns alignwide is-layout-flex wp-container-core-columns-is-layout-549b0c86 wp-block-columns-is-layout-flex\">\n<div class=\"wp-block-column has-global-padding is-content-justification-left is-layout-constrained wp-container-core-column-is-layout-4f15e8fe wp-block-column-is-layout-constrained\" style=\"flex-basis:40%\">\n<h2 class=\"wp-block-heading has-contrast-color has-text-color has-link-color wp-elements-16cb0dc1c91798427a0611c44cd41299\">About<\/h2>\n<\/div>\n\n\n\n<div class=\"wp-block-column is-layout-flow wp-container-core-column-is-layout-119bc444 wp-block-column-is-layout-flow\" style=\"flex-basis:60%\">\n<div class=\"wp-block-columns is-layout-flex wp-container-core-columns-is-layout-87beb0d0 wp-block-columns-is-layout-flex\">\n<div class=\"wp-block-column is-layout-flow wp-block-column-is-layout-flow\">\n<p class=\"wp-container-content-9cfa9a5a\">Pal\u00e9o Galaxy allows you to take part in a digital creation from withint the Festival at the giang screens of the main stage. As a participatory work, it is the perfect opportunity to share your festival experience. You can create new planets from a drawing or photo that will bring the Pal\u00e9o-Galaxy to life. Once your creation is submitted, all you have to do is look at the screen and wait for the space shuttle to stop in front of your work. That&#8217;s it, your Pal\u00e9o memory is in orbit and that&#8217;s classy!<\/p>\n<\/div>\n<\/div>\n<\/div>\n<\/div>\n\n\n\n<div class=\"wp-block-columns alignwide is-layout-flex wp-container-core-columns-is-layout-549b0c86 wp-block-columns-is-layout-flex\">\n<div class=\"wp-block-column has-global-padding is-content-justification-left is-layout-constrained wp-container-core-column-is-layout-4f15e8fe wp-block-column-is-layout-constrained\" style=\"flex-basis:40%\">\n<h2 class=\"wp-block-heading has-contrast-color has-text-color has-link-color wp-elements-4422eb117e396472f285e304073fce1c\">Trailer<\/h2>\n<\/div>\n\n\n\n<div class=\"wp-block-column is-layout-flow wp-container-core-column-is-layout-119bc444 wp-block-column-is-layout-flow\" style=\"flex-basis:60%\">\n<div class=\"wp-block-columns is-layout-flex wp-container-core-columns-is-layout-87beb0d0 wp-block-columns-is-layout-flex\">\n<div class=\"wp-block-column is-layout-flow wp-block-column-is-layout-flow\">\n<figure class=\"wp-block-embed is-type-video is-provider-youtube wp-block-embed-youtube wp-embed-aspect-16-9 wp-has-aspect-ratio\"><div class=\"wp-block-embed__wrapper\">\n<iframe loading=\"lazy\" title=\"Pal\u00e9o Galaxy - Bring your festival goers into a digital experience in a music festival\" width=\"500\" height=\"281\" src=\"https:\/\/www.youtube.com\/embed\/c22-kXED1Zc?feature=oembed\" frameborder=\"0\" allow=\"accelerometer; autoplay; clipboard-write; encrypted-media; gyroscope; picture-in-picture; web-share\" referrerpolicy=\"strict-origin-when-cross-origin\" allowfullscreen><\/iframe>\n<\/div><\/figure>\n<\/div>\n<\/div>\n<\/div>\n<\/div>\n\n\n\n<div class=\"wp-block-columns alignwide is-layout-flex wp-container-core-columns-is-layout-549b0c86 wp-block-columns-is-layout-flex\">\n<div class=\"wp-block-column has-global-padding is-content-justification-left is-layout-constrained wp-container-core-column-is-layout-4f15e8fe wp-block-column-is-layout-constrained\" style=\"flex-basis:40%\">\n<h2 class=\"wp-block-heading has-contrast-color has-text-color has-link-color wp-elements-5d2dc10a188d2e060a0d2bf45bec8b69\">Contributions<\/h2>\n<\/div>\n\n\n\n<div class=\"wp-block-column is-layout-flow wp-container-core-column-is-layout-119bc444 wp-block-column-is-layout-flow\" style=\"flex-basis:60%\">\n<div class=\"wp-block-columns is-layout-flex wp-container-core-columns-is-layout-87beb0d0 wp-block-columns-is-layout-flex\">\n<div class=\"wp-block-column is-layout-flow wp-block-column-is-layout-flow\">\n<p>3D Assets, Tech Art, VFX.<br>I contributed to the project as part of <a href=\"http:\/\/www.nachtlicht.cc\" target=\"_blank\" rel=\"noreferrer noopener\">Nachtlicht<\/a> together with <a href=\"http:\/\/www.fusion-robot.ch\" data-type=\"link\" data-id=\"www.fusion-robot.ch\" target=\"_blank\" rel=\"noreferrer noopener\">Fusion.Robot<\/a>.<\/p>\n<\/div>\n<\/div>\n<\/div>\n<\/div>\n<\/div>\n\n\n\n<div class=\"wp-block-cover alignfull has-parallax\" style=\"padding-top:0;padding-right:0;padding-bottom:0;padding-left:0;aspect-ratio:unset;\"><div class=\"wp-block-cover__image-background wp-image-752 size-large has-parallax\" style=\"background-position:50% 50%;background-image:url(https:\/\/vibrastudio.ch\/wp-content\/uploads\/2026\/02\/PaleoBG-1024x576.jpg)\"><\/div><span aria-hidden=\"true\" class=\"wp-block-cover__background has-base-background-color has-background-dim-0 has-background-dim\"><\/span><div class=\"wp-block-cover__inner-container has-global-padding is-layout-constrained wp-container-core-cover-is-layout-dedbb937 wp-block-cover-is-layout-constrained\">\n<div style=\"height:74px\" aria-hidden=\"true\" class=\"wp-block-spacer\"><\/div>\n<\/div><\/div>\n\n\n\n<div class=\"wp-block-group alignfull has-base-2-background-color has-background has-global-padding is-layout-constrained wp-container-core-group-is-layout-0f9e5a71 wp-block-group-is-layout-constrained\" style=\"margin-top:0;margin-bottom:0;padding-top:0;padding-right:var(--wp--preset--spacing--60);padding-bottom:0;padding-left:var(--wp--preset--spacing--60)\">\n<div class=\"wp-block-group alignwide is-layout-flow wp-block-group-is-layout-flow\" style=\"margin-top:0;margin-bottom:0;padding-top:0;padding-bottom:0\">\n<div style=\"height:var(--wp--preset--spacing--30)\" aria-hidden=\"true\" class=\"wp-block-spacer\"><\/div>\n\n\n\n<p class=\"has-text-align-center has-heading-font-family has-x-large-font-size\" style=\"font-style:normal;font-weight:400;line-height:1.2\"><mark style=\"background-color:rgba(0, 0, 0, 0);color:#e04500\" class=\"has-inline-color\">Pal\u00e9o Galaxy<\/mark><strong><mark style=\"background-color:rgba(0, 0, 0, 0);color:#e04500\" class=\"has-inline-color\"> <\/mark><\/strong>was my first interactive installation on a big scale.<\/p>\n\n\n\n<div style=\"height:var(--wp--preset--spacing--30)\" aria-hidden=\"true\" class=\"wp-block-spacer\"><\/div>\n<\/div>\n<\/div>\n\n\n\n<div class=\"wp-block-group alignwide has-global-padding is-layout-constrained wp-container-core-group-is-layout-36361f22 wp-block-group-is-layout-constrained\" style=\"margin-top:var(--wp--preset--spacing--20);margin-bottom:var(--wp--preset--spacing--20)\">\n<div class=\"wp-block-columns alignwide is-layout-flex wp-container-core-columns-is-layout-cf06de28 wp-block-columns-is-layout-flex\">\n<div class=\"wp-block-column portfolio-hover-container has-global-padding is-layout-constrained wp-block-column-is-layout-constrained\">\n<div class=\"wp-block-group portfolio-wrapper has-global-padding is-layout-constrained wp-block-group-is-layout-constrained\" style=\"border-top-left-radius:30px;border-top-right-radius:30px;border-bottom-left-radius:30px;border-bottom-right-radius:30px;box-shadow:var(--wp--preset--shadow--sharp)\">\n<figure data-wp-context=\"{&quot;imageId&quot;:&quot;69e4c86d36226&quot;}\" data-wp-interactive=\"core\/image\" data-wp-key=\"69e4c86d36226\" class=\"wp-block-image size-large is-style-rounded is-style-rounded--2 wp-lightbox-container\"><img loading=\"lazy\" decoding=\"async\" width=\"1024\" height=\"530\" data-wp-class--hide=\"state.isContentHidden\" data-wp-class--show=\"state.isContentVisible\" data-wp-init=\"callbacks.setButtonStyles\" data-wp-on--click=\"actions.showLightbox\" data-wp-on--load=\"callbacks.setButtonStyles\" data-wp-on-window--resize=\"callbacks.setButtonStyles\" src=\"https:\/\/vibrastudio.ch\/wp-content\/uploads\/2026\/02\/Paleo-Galaxy-Main-Stage-Screens-1024x530.png\" alt=\"\" class=\"wp-image-743\" style=\"aspect-ratio:3\/2;object-fit:cover\" srcset=\"https:\/\/vibrastudio.ch\/wp-content\/uploads\/2026\/02\/Paleo-Galaxy-Main-Stage-Screens-1024x530.png 1024w, https:\/\/vibrastudio.ch\/wp-content\/uploads\/2026\/02\/Paleo-Galaxy-Main-Stage-Screens-300x155.png 300w, https:\/\/vibrastudio.ch\/wp-content\/uploads\/2026\/02\/Paleo-Galaxy-Main-Stage-Screens-768x397.png 768w, https:\/\/vibrastudio.ch\/wp-content\/uploads\/2026\/02\/Paleo-Galaxy-Main-Stage-Screens.png 1220w\" sizes=\"auto, (max-width: 1024px) 100vw, 1024px\" \/><button\n\t\t\tclass=\"lightbox-trigger\"\n\t\t\ttype=\"button\"\n\t\t\taria-haspopup=\"dialog\"\n\t\t\taria-label=\"Enlarge\"\n\t\t\tdata-wp-init=\"callbacks.initTriggerButton\"\n\t\t\tdata-wp-on--click=\"actions.showLightbox\"\n\t\t\tdata-wp-style--right=\"state.imageButtonRight\"\n\t\t\tdata-wp-style--top=\"state.imageButtonTop\"\n\t\t>\n\t\t\t<svg xmlns=\"http:\/\/www.w3.org\/2000\/svg\" width=\"12\" height=\"12\" fill=\"none\" viewBox=\"0 0 12 12\">\n\t\t\t\t<path fill=\"#fff\" d=\"M2 0a2 2 0 0 0-2 2v2h1.5V2a.5.5 0 0 1 .5-.5h2V0H2Zm2 10.5H2a.5.5 0 0 1-.5-.5V8H0v2a2 2 0 0 0 2 2h2v-1.5ZM8 12v-1.5h2a.5.5 0 0 0 .5-.5V8H12v2a2 2 0 0 1-2 2H8Zm2-12a2 2 0 0 1 2 2v2h-1.5V2a.5.5 0 0 0-.5-.5H8V0h2Z\" \/>\n\t\t\t<\/svg>\n\t\t<\/button><\/figure>\n<\/div>\n\n\n\n<div style=\"height:0px\" aria-hidden=\"true\" class=\"wp-block-spacer\"><\/div>\n<\/div>\n\n\n\n<div class=\"wp-block-column portfolio-hover-container is-layout-flow wp-block-column-is-layout-flow\">\n<div class=\"wp-block-group portfolio-wrapper has-global-padding is-layout-constrained wp-block-group-is-layout-constrained\" style=\"border-top-left-radius:30px;border-top-right-radius:30px;border-bottom-left-radius:30px;border-bottom-right-radius:30px;box-shadow:var(--wp--preset--shadow--sharp)\">\n<figure data-wp-context=\"{&quot;imageId&quot;:&quot;69e4c86d36c14&quot;}\" data-wp-interactive=\"core\/image\" data-wp-key=\"69e4c86d36c14\" class=\"wp-block-image size-full is-style-rounded is-style-rounded--3 wp-lightbox-container\"><img loading=\"lazy\" decoding=\"async\" width=\"800\" height=\"449\" data-wp-class--hide=\"state.isContentHidden\" data-wp-class--show=\"state.isContentVisible\" data-wp-init=\"callbacks.setButtonStyles\" data-wp-on--click=\"actions.showLightbox\" data-wp-on--load=\"callbacks.setButtonStyles\" data-wp-on-window--resize=\"callbacks.setButtonStyles\" src=\"https:\/\/vibrastudio.ch\/wp-content\/uploads\/2026\/02\/Paleo-Galaxy-Screenshot.jpg\" alt=\"\" class=\"wp-image-748\" style=\"aspect-ratio:3\/2;object-fit:cover\" srcset=\"https:\/\/vibrastudio.ch\/wp-content\/uploads\/2026\/02\/Paleo-Galaxy-Screenshot.jpg 800w, https:\/\/vibrastudio.ch\/wp-content\/uploads\/2026\/02\/Paleo-Galaxy-Screenshot-300x168.jpg 300w, https:\/\/vibrastudio.ch\/wp-content\/uploads\/2026\/02\/Paleo-Galaxy-Screenshot-768x431.jpg 768w\" sizes=\"auto, (max-width: 800px) 100vw, 800px\" \/><button\n\t\t\tclass=\"lightbox-trigger\"\n\t\t\ttype=\"button\"\n\t\t\taria-haspopup=\"dialog\"\n\t\t\taria-label=\"Enlarge\"\n\t\t\tdata-wp-init=\"callbacks.initTriggerButton\"\n\t\t\tdata-wp-on--click=\"actions.showLightbox\"\n\t\t\tdata-wp-style--right=\"state.imageButtonRight\"\n\t\t\tdata-wp-style--top=\"state.imageButtonTop\"\n\t\t>\n\t\t\t<svg xmlns=\"http:\/\/www.w3.org\/2000\/svg\" width=\"12\" height=\"12\" fill=\"none\" viewBox=\"0 0 12 12\">\n\t\t\t\t<path fill=\"#fff\" d=\"M2 0a2 2 0 0 0-2 2v2h1.5V2a.5.5 0 0 1 .5-.5h2V0H2Zm2 10.5H2a.5.5 0 0 1-.5-.5V8H0v2a2 2 0 0 0 2 2h2v-1.5ZM8 12v-1.5h2a.5.5 0 0 0 .5-.5V8H12v2a2 2 0 0 1-2 2H8Zm2-12a2 2 0 0 1 2 2v2h-1.5V2a.5.5 0 0 0-.5-.5H8V0h2Z\" \/>\n\t\t\t<\/svg>\n\t\t<\/button><\/figure>\n<\/div>\n\n\n\n<div style=\"height:0px\" aria-hidden=\"true\" class=\"wp-block-spacer\"><\/div>\n<\/div>\n\n\n\n<div class=\"wp-block-column portfolio-hover-container is-layout-flow wp-block-column-is-layout-flow\">\n<div class=\"wp-block-group portfolio-wrapper has-global-padding is-layout-constrained wp-block-group-is-layout-constrained\" style=\"box-shadow:var(--wp--preset--shadow--sharp)\">\n<figure data-wp-context=\"{&quot;imageId&quot;:&quot;69e4c86d37569&quot;}\" data-wp-interactive=\"core\/image\" data-wp-key=\"69e4c86d37569\" class=\"wp-block-image size-full is-style-rounded is-style-rounded--4 wp-lightbox-container\"><img loading=\"lazy\" decoding=\"async\" width=\"1018\" height=\"678\" data-wp-class--hide=\"state.isContentHidden\" data-wp-class--show=\"state.isContentVisible\" data-wp-init=\"callbacks.setButtonStyles\" data-wp-on--click=\"actions.showLightbox\" data-wp-on--load=\"callbacks.setButtonStyles\" data-wp-on-window--resize=\"callbacks.setButtonStyles\" src=\"https:\/\/vibrastudio.ch\/wp-content\/uploads\/2026\/02\/Paleo-Galaxy-Screens.png\" alt=\"\" class=\"wp-image-745\" style=\"aspect-ratio:3\/2;object-fit:cover\" srcset=\"https:\/\/vibrastudio.ch\/wp-content\/uploads\/2026\/02\/Paleo-Galaxy-Screens.png 1018w, https:\/\/vibrastudio.ch\/wp-content\/uploads\/2026\/02\/Paleo-Galaxy-Screens-300x200.png 300w, https:\/\/vibrastudio.ch\/wp-content\/uploads\/2026\/02\/Paleo-Galaxy-Screens-768x511.png 768w\" sizes=\"auto, (max-width: 1018px) 100vw, 1018px\" \/><button\n\t\t\tclass=\"lightbox-trigger\"\n\t\t\ttype=\"button\"\n\t\t\taria-haspopup=\"dialog\"\n\t\t\taria-label=\"Enlarge\"\n\t\t\tdata-wp-init=\"callbacks.initTriggerButton\"\n\t\t\tdata-wp-on--click=\"actions.showLightbox\"\n\t\t\tdata-wp-style--right=\"state.imageButtonRight\"\n\t\t\tdata-wp-style--top=\"state.imageButtonTop\"\n\t\t>\n\t\t\t<svg xmlns=\"http:\/\/www.w3.org\/2000\/svg\" width=\"12\" height=\"12\" fill=\"none\" viewBox=\"0 0 12 12\">\n\t\t\t\t<path fill=\"#fff\" d=\"M2 0a2 2 0 0 0-2 2v2h1.5V2a.5.5 0 0 1 .5-.5h2V0H2Zm2 10.5H2a.5.5 0 0 1-.5-.5V8H0v2a2 2 0 0 0 2 2h2v-1.5ZM8 12v-1.5h2a.5.5 0 0 0 .5-.5V8H12v2a2 2 0 0 1-2 2H8Zm2-12a2 2 0 0 1 2 2v2h-1.5V2a.5.5 0 0 0-.5-.5H8V0h2Z\" \/>\n\t\t\t<\/svg>\n\t\t<\/button><\/figure>\n<\/div>\n\n\n\n<div style=\"margin-top:0;margin-bottom:0;height:15px\" aria-hidden=\"true\" class=\"wp-block-spacer\"><\/div>\n<\/div>\n<\/div>\n\n\n\n<div class=\"wp-block-columns alignwide is-layout-flex wp-container-core-columns-is-layout-cf06de28 wp-block-columns-is-layout-flex\">\n<div class=\"wp-block-column portfolio-hover-container has-global-padding is-layout-constrained wp-block-column-is-layout-constrained\">\n<div class=\"wp-block-group portfolio-wrapper has-global-padding is-layout-constrained wp-block-group-is-layout-constrained\" style=\"border-top-left-radius:30px;border-top-right-radius:30px;border-bottom-left-radius:30px;border-bottom-right-radius:30px;box-shadow:var(--wp--preset--shadow--sharp)\">\n<figure data-wp-context=\"{&quot;imageId&quot;:&quot;69e4c86d37f54&quot;}\" data-wp-interactive=\"core\/image\" data-wp-key=\"69e4c86d37f54\" class=\"wp-block-image size-large is-style-rounded is-style-rounded--5 wp-lightbox-container\"><img loading=\"lazy\" decoding=\"async\" width=\"1024\" height=\"576\" data-wp-class--hide=\"state.isContentHidden\" data-wp-class--show=\"state.isContentVisible\" data-wp-init=\"callbacks.setButtonStyles\" data-wp-on--click=\"actions.showLightbox\" data-wp-on--load=\"callbacks.setButtonStyles\" data-wp-on-window--resize=\"callbacks.setButtonStyles\" src=\"https:\/\/vibrastudio.ch\/wp-content\/uploads\/2026\/02\/Paleo-Galaxy-Screenshot-2-small-1024x576.png\" alt=\"\" class=\"wp-image-746\" style=\"aspect-ratio:3\/2;object-fit:cover\" srcset=\"https:\/\/vibrastudio.ch\/wp-content\/uploads\/2026\/02\/Paleo-Galaxy-Screenshot-2-small-1024x576.png 1024w, https:\/\/vibrastudio.ch\/wp-content\/uploads\/2026\/02\/Paleo-Galaxy-Screenshot-2-small-300x169.png 300w, https:\/\/vibrastudio.ch\/wp-content\/uploads\/2026\/02\/Paleo-Galaxy-Screenshot-2-small-768x432.png 768w, https:\/\/vibrastudio.ch\/wp-content\/uploads\/2026\/02\/Paleo-Galaxy-Screenshot-2-small.png 1105w\" sizes=\"auto, (max-width: 1024px) 100vw, 1024px\" \/><button\n\t\t\tclass=\"lightbox-trigger\"\n\t\t\ttype=\"button\"\n\t\t\taria-haspopup=\"dialog\"\n\t\t\taria-label=\"Enlarge\"\n\t\t\tdata-wp-init=\"callbacks.initTriggerButton\"\n\t\t\tdata-wp-on--click=\"actions.showLightbox\"\n\t\t\tdata-wp-style--right=\"state.imageButtonRight\"\n\t\t\tdata-wp-style--top=\"state.imageButtonTop\"\n\t\t>\n\t\t\t<svg xmlns=\"http:\/\/www.w3.org\/2000\/svg\" width=\"12\" height=\"12\" fill=\"none\" viewBox=\"0 0 12 12\">\n\t\t\t\t<path fill=\"#fff\" d=\"M2 0a2 2 0 0 0-2 2v2h1.5V2a.5.5 0 0 1 .5-.5h2V0H2Zm2 10.5H2a.5.5 0 0 1-.5-.5V8H0v2a2 2 0 0 0 2 2h2v-1.5ZM8 12v-1.5h2a.5.5 0 0 0 .5-.5V8H12v2a2 2 0 0 1-2 2H8Zm2-12a2 2 0 0 1 2 2v2h-1.5V2a.5.5 0 0 0-.5-.5H8V0h2Z\" \/>\n\t\t\t<\/svg>\n\t\t<\/button><\/figure>\n<\/div>\n\n\n\n<div style=\"height:0px\" aria-hidden=\"true\" class=\"wp-block-spacer\"><\/div>\n<\/div>\n\n\n\n<div class=\"wp-block-column portfolio-hover-container is-layout-flow wp-block-column-is-layout-flow\">\n<div class=\"wp-block-group portfolio-wrapper has-global-padding is-layout-constrained wp-block-group-is-layout-constrained\" style=\"border-top-left-radius:30px;border-top-right-radius:30px;border-bottom-left-radius:30px;border-bottom-right-radius:30px;box-shadow:var(--wp--preset--shadow--sharp)\">\n<figure data-wp-context=\"{&quot;imageId&quot;:&quot;69e4c86d387d5&quot;}\" data-wp-interactive=\"core\/image\" data-wp-key=\"69e4c86d387d5\" class=\"wp-block-image size-large is-style-rounded is-style-rounded--6 wp-lightbox-container\"><img loading=\"lazy\" decoding=\"async\" width=\"1024\" height=\"576\" data-wp-class--hide=\"state.isContentHidden\" data-wp-class--show=\"state.isContentVisible\" data-wp-init=\"callbacks.setButtonStyles\" data-wp-on--click=\"actions.showLightbox\" data-wp-on--load=\"callbacks.setButtonStyles\" data-wp-on-window--resize=\"callbacks.setButtonStyles\" src=\"https:\/\/vibrastudio.ch\/wp-content\/uploads\/2026\/02\/PaleoLogo-1024x576.jpg\" alt=\"\" class=\"wp-image-747\" style=\"aspect-ratio:3\/2;object-fit:cover\" srcset=\"https:\/\/vibrastudio.ch\/wp-content\/uploads\/2026\/02\/PaleoLogo-1024x576.jpg 1024w, https:\/\/vibrastudio.ch\/wp-content\/uploads\/2026\/02\/PaleoLogo-300x169.jpg 300w, https:\/\/vibrastudio.ch\/wp-content\/uploads\/2026\/02\/PaleoLogo-768x432.jpg 768w, https:\/\/vibrastudio.ch\/wp-content\/uploads\/2026\/02\/PaleoLogo.jpg 1280w\" sizes=\"auto, (max-width: 1024px) 100vw, 1024px\" \/><button\n\t\t\tclass=\"lightbox-trigger\"\n\t\t\ttype=\"button\"\n\t\t\taria-haspopup=\"dialog\"\n\t\t\taria-label=\"Enlarge\"\n\t\t\tdata-wp-init=\"callbacks.initTriggerButton\"\n\t\t\tdata-wp-on--click=\"actions.showLightbox\"\n\t\t\tdata-wp-style--right=\"state.imageButtonRight\"\n\t\t\tdata-wp-style--top=\"state.imageButtonTop\"\n\t\t>\n\t\t\t<svg xmlns=\"http:\/\/www.w3.org\/2000\/svg\" width=\"12\" height=\"12\" fill=\"none\" viewBox=\"0 0 12 12\">\n\t\t\t\t<path fill=\"#fff\" d=\"M2 0a2 2 0 0 0-2 2v2h1.5V2a.5.5 0 0 1 .5-.5h2V0H2Zm2 10.5H2a.5.5 0 0 1-.5-.5V8H0v2a2 2 0 0 0 2 2h2v-1.5ZM8 12v-1.5h2a.5.5 0 0 0 .5-.5V8H12v2a2 2 0 0 1-2 2H8Zm2-12a2 2 0 0 1 2 2v2h-1.5V2a.5.5 0 0 0-.5-.5H8V0h2Z\" \/>\n\t\t\t<\/svg>\n\t\t<\/button><\/figure>\n<\/div>\n\n\n\n<div style=\"height:0px\" aria-hidden=\"true\" class=\"wp-block-spacer\"><\/div>\n<\/div>\n\n\n\n<div class=\"wp-block-column portfolio-hover-container is-layout-flow wp-block-column-is-layout-flow\">\n<div class=\"wp-block-group portfolio-wrapper has-global-padding is-layout-constrained wp-block-group-is-layout-constrained\" style=\"border-top-left-radius:30px;border-top-right-radius:30px;border-bottom-left-radius:30px;border-bottom-right-radius:30px;box-shadow:var(--wp--preset--shadow--sharp)\">\n<figure data-wp-context=\"{&quot;imageId&quot;:&quot;69e4c86d38fa9&quot;}\" data-wp-interactive=\"core\/image\" data-wp-key=\"69e4c86d38fa9\" class=\"wp-block-image size-large is-style-rounded is-style-rounded--7 wp-lightbox-container\"><img loading=\"lazy\" decoding=\"async\" width=\"1024\" height=\"682\" data-wp-class--hide=\"state.isContentHidden\" data-wp-class--show=\"state.isContentVisible\" data-wp-init=\"callbacks.setButtonStyles\" data-wp-on--click=\"actions.showLightbox\" data-wp-on--load=\"callbacks.setButtonStyles\" data-wp-on-window--resize=\"callbacks.setButtonStyles\" src=\"https:\/\/vibrastudio.ch\/wp-content\/uploads\/2026\/02\/Paleo-Galaxy-Pictures-Small-5-von-7-1024x682.jpg\" alt=\"\" class=\"wp-image-744\" style=\"aspect-ratio:3\/2;object-fit:cover\" srcset=\"https:\/\/vibrastudio.ch\/wp-content\/uploads\/2026\/02\/Paleo-Galaxy-Pictures-Small-5-von-7-1024x682.jpg 1024w, https:\/\/vibrastudio.ch\/wp-content\/uploads\/2026\/02\/Paleo-Galaxy-Pictures-Small-5-von-7-300x200.jpg 300w, https:\/\/vibrastudio.ch\/wp-content\/uploads\/2026\/02\/Paleo-Galaxy-Pictures-Small-5-von-7-768x512.jpg 768w, https:\/\/vibrastudio.ch\/wp-content\/uploads\/2026\/02\/Paleo-Galaxy-Pictures-Small-5-von-7.jpg 1271w\" sizes=\"auto, (max-width: 1024px) 100vw, 1024px\" \/><button\n\t\t\tclass=\"lightbox-trigger\"\n\t\t\ttype=\"button\"\n\t\t\taria-haspopup=\"dialog\"\n\t\t\taria-label=\"Enlarge\"\n\t\t\tdata-wp-init=\"callbacks.initTriggerButton\"\n\t\t\tdata-wp-on--click=\"actions.showLightbox\"\n\t\t\tdata-wp-style--right=\"state.imageButtonRight\"\n\t\t\tdata-wp-style--top=\"state.imageButtonTop\"\n\t\t>\n\t\t\t<svg xmlns=\"http:\/\/www.w3.org\/2000\/svg\" width=\"12\" height=\"12\" fill=\"none\" viewBox=\"0 0 12 12\">\n\t\t\t\t<path fill=\"#fff\" d=\"M2 0a2 2 0 0 0-2 2v2h1.5V2a.5.5 0 0 1 .5-.5h2V0H2Zm2 10.5H2a.5.5 0 0 1-.5-.5V8H0v2a2 2 0 0 0 2 2h2v-1.5ZM8 12v-1.5h2a.5.5 0 0 0 .5-.5V8H12v2a2 2 0 0 1-2 2H8Zm2-12a2 2 0 0 1 2 2v2h-1.5V2a.5.5 0 0 0-.5-.5H8V0h2Z\" \/>\n\t\t\t<\/svg>\n\t\t<\/button><\/figure>\n<\/div>\n<\/div>\n<\/div>\n<\/div>\n\n\n\n<\/div>\n","protected":false},"excerpt":{"rendered":"<p>Pal\u00e9o GalaxyInteractive Installation With Pal\u00e9o Galaxy visitors could send in photographs and drawings to the LED Walls of the Pal\u00e9o Festival. About Pal\u00e9o Galaxy allows you to take part in a digital creation from withint the Festival at the giang screens of the main stage. As a participatory work, it is the perfect opportunity to [&hellip;]<\/p>\n","protected":false},"author":1,"featured_media":0,"parent":64,"menu_order":110,"comment_status":"closed","ping_status":"closed","template":"","meta":{"footnotes":""},"class_list":["post-732","page","type-page","status-publish","hentry"],"_links":{"self":[{"href":"https:\/\/vibrastudio.ch\/index.php?rest_route=\/wp\/v2\/pages\/732","targetHints":{"allow":["GET"]}}],"collection":[{"href":"https:\/\/vibrastudio.ch\/index.php?rest_route=\/wp\/v2\/pages"}],"about":[{"href":"https:\/\/vibrastudio.ch\/index.php?rest_route=\/wp\/v2\/types\/page"}],"author":[{"embeddable":true,"href":"https:\/\/vibrastudio.ch\/index.php?rest_route=\/wp\/v2\/users\/1"}],"replies":[{"embeddable":true,"href":"https:\/\/vibrastudio.ch\/index.php?rest_route=%2Fwp%2Fv2%2Fcomments&post=732"}],"version-history":[{"count":31,"href":"https:\/\/vibrastudio.ch\/index.php?rest_route=\/wp\/v2\/pages\/732\/revisions"}],"predecessor-version":[{"id":2754,"href":"https:\/\/vibrastudio.ch\/index.php?rest_route=\/wp\/v2\/pages\/732\/revisions\/2754"}],"up":[{"embeddable":true,"href":"https:\/\/vibrastudio.ch\/index.php?rest_route=\/wp\/v2\/pages\/64"}],"wp:attachment":[{"href":"https:\/\/vibrastudio.ch\/index.php?rest_route=%2Fwp%2Fv2%2Fmedia&parent=732"}],"curies":[{"name":"wp","href":"https:\/\/api.w.org\/{rel}","templated":true}]}}